{"id":4052,"date":"2024-10-13T14:56:55","date_gmt":"2024-10-13T14:56:55","guid":{"rendered":"https:\/\/ccelog.com\/?page_id=4052"},"modified":"2024-10-14T01:29:05","modified_gmt":"2024-10-14T01:29:05","slug":"traduction","status":"publish","type":"page","link":"https:\/\/ccelog.com\/en\/traduction\/","title":{"rendered":"Traduction"},"content":{"rendered":"<div data-elementor-type=\"wp-page\" data-elementor-id=\"4052\" class=\"elementor elementor-4052\" data-elementor-settings=\"{&quot;element_pack_global_tooltip_width&quot;:{&quot;unit&quot;:&quot;px&quot;,&quot;size&quot;:&quot;&quot;,&quot;sizes&quot;:[]},&quot;element_pack_global_tooltip_width_tablet&quot;:{&quot;unit&quot;:&quot;px&quot;,&quot;size&quot;:&quot;&quot;,&quot;sizes&quot;:[]},&quot;element_pack_global_tooltip_width_mobile&quot;:{&quot;unit&quot;:&quot;px&quot;,&quot;size&quot;:&quot;&quot;,&quot;sizes&quot;:[]},&quot;element_pack_global_tooltip_padding&quot;:{&quot;unit&quot;:&quot;px&quot;,&quot;top&quot;:&quot;&quot;,&quot;right&quot;:&quot;&quot;,&quot;bottom&quot;:&quot;&quot;,&quot;left&quot;:&quot;&quot;,&quot;isLinked&quot;:true},&quot;element_pack_global_tooltip_padding_tablet&quot;:{&quot;unit&quot;:&quot;px&quot;,&quot;top&quot;:&quot;&quot;,&quot;right&quot;:&quot;&quot;,&quot;bottom&quot;:&quot;&quot;,&quot;left&quot;:&quot;&quot;,&quot;isLinked&quot;:true},&quot;element_pack_global_tooltip_padding_mobile&quot;:{&quot;unit&quot;:&quot;px&quot;,&quot;top&quot;:&quot;&quot;,&quot;right&quot;:&quot;&quot;,&quot;bottom&quot;:&quot;&quot;,&quot;left&quot;:&quot;&quot;,&quot;isLinked&quot;:true},&quot;element_pack_global_tooltip_border_radius&quot;:{&quot;unit&quot;:&quot;px&quot;,&quot;top&quot;:&quot;&quot;,&quot;right&quot;:&quot;&quot;,&quot;bottom&quot;:&quot;&quot;,&quot;left&quot;:&quot;&quot;,&quot;isLinked&quot;:true},&quot;element_pack_global_tooltip_border_radius_tablet&quot;:{&quot;unit&quot;:&quot;px&quot;,&quot;top&quot;:&quot;&quot;,&quot;right&quot;:&quot;&quot;,&quot;bottom&quot;:&quot;&quot;,&quot;left&quot;:&quot;&quot;,&quot;isLinked&quot;:true},&quot;element_pack_global_tooltip_border_radius_mobile&quot;:{&quot;unit&quot;:&quot;px&quot;,&quot;top&quot;:&quot;&quot;,&quot;right&quot;:&quot;&quot;,&quot;bottom&quot;:&quot;&quot;,&quot;left&quot;:&quot;&quot;,&quot;isLinked&quot;:true}}\" data-elementor-post-type=\"page\">\n\t\t\t\t\t\t<section data-particle_enable=\"false\" data-particle-mobile-disabled=\"false\" class=\"elementor-section elementor-top-section elementor-element elementor-element-2873ea9 elementor-section-content-middle elementor-section-boxed elementor-section-height-default elementor-section-height-default wpr-particle-no wpr-jarallax-no wpr-parallax-no wpr-sticky-section-no\" data-id=\"2873ea9\" data-element_type=\"section\" data-settings=\"{&quot;background_background&quot;:&quot;classic&quot;}\">\n\t\t\t\t\t\t\t<div class=\"elementor-background-overlay\"><\/div>\n\t\t\t\t\t\t\t<div class=\"elementor-container elementor-column-gap-no\">\n\t\t\t\t\t<div class=\"elementor-column elementor-col-100 elementor-top-column elementor-element elementor-element-ef366c0\" data-id=\"ef366c0\" data-element_type=\"column\">\n\t\t\t<div class=\"elementor-widget-wrap elementor-element-populated\">\n\t\t\t\t\t\t<div class=\"elementor-element elementor-element-3208a90 elementor-widget elementor-widget-text-editor\" data-id=\"3208a90\" data-element_type=\"widget\" data-widget_type=\"text-editor.default\">\n\t\t\t\t<div class=\"elementor-widget-container\">\n\t\t\t\t\t\t\t\t\tCivility\t\t\t\t\t\t\t\t<\/div>\n\t\t\t\t<\/div>\n\t\t\t\t<div class=\"elementor-element elementor-element-806dca7 elementor-widget elementor-widget-text-editor\" data-id=\"806dca7\" data-element_type=\"widget\" data-widget_type=\"text-editor.default\">\n\t\t\t\t<div class=\"elementor-widget-container\">\n\t\t\t\t\t\t\t\t\t<p>Particular<\/p>\t\t\t\t\t\t\t\t<\/div>\n\t\t\t\t<\/div>\n\t\t\t\t<div class=\"elementor-element elementor-element-70a1a0b elementor-widget elementor-widget-text-editor\" data-id=\"70a1a0b\" data-element_type=\"widget\" data-widget_type=\"text-editor.default\">\n\t\t\t\t<div class=\"elementor-widget-container\">\n\t\t\t\t\t\t\t\t\tBusiness Company\t\t\t\t\t\t\t\t<\/div>\n\t\t\t\t<\/div>\n\t\t\t\t<div class=\"elementor-element elementor-element-b1a5f2d elementor-widget elementor-widget-text-editor\" data-id=\"b1a5f2d\" data-element_type=\"widget\" data-widget_type=\"text-editor.default\">\n\t\t\t\t<div class=\"elementor-widget-container\">\n\t\t\t\t\t\t\t\t\tContact reason\t\t\t\t\t\t\t\t<\/div>\n\t\t\t\t<\/div>\n\t\t\t\t<div class=\"elementor-element elementor-element-8faa806 elementor-widget elementor-widget-text-editor\" data-id=\"8faa806\" data-element_type=\"widget\" data-widget_type=\"text-editor.default\">\n\t\t\t\t<div class=\"elementor-widget-container\">\n\t\t\t\t\t\t\t\t\tOnboarding\t\t\t\t\t\t\t\t<\/div>\n\t\t\t\t<\/div>\n\t\t\t\t<div class=\"elementor-element elementor-element-78c023c elementor-widget elementor-widget-text-editor\" data-id=\"78c023c\" data-element_type=\"widget\" data-widget_type=\"text-editor.default\">\n\t\t\t\t<div class=\"elementor-widget-container\">\n\t\t\t\t\t\t\t\t\t<p>Other<\/p>\t\t\t\t\t\t\t\t<\/div>\n\t\t\t\t<\/div>\n\t\t\t\t<div class=\"elementor-element elementor-element-47fa45a elementor-widget elementor-widget-text-editor\" data-id=\"47fa45a\" data-element_type=\"widget\" data-widget_type=\"text-editor.default\">\n\t\t\t\t<div class=\"elementor-widget-container\">\n\t\t\t\t\t\t\t\t\t<p>Other (specify)<\/p>\t\t\t\t\t\t\t\t<\/div>\n\t\t\t\t<\/div>\n\t\t\t\t<div class=\"elementor-element elementor-element-605ddfd elementor-widget elementor-widget-text-editor\" data-id=\"605ddfd\" data-element_type=\"widget\" data-widget_type=\"text-editor.default\">\n\t\t\t\t<div class=\"elementor-widget-container\">\n\t\t\t\t\t\t\t\t\t<p>Learn to anticipate demand, manage inventory and reduce costs while increasing your operational agility.<\/p><p>Our practical modules will allow you to acquire concrete skills, directly applicable to your work environment.<\/p>\t\t\t\t\t\t\t\t<\/div>\n\t\t\t\t<\/div>\n\t\t\t\t<div class=\"elementor-element elementor-element-57f81ae elementor-widget elementor-widget-text-editor\" data-id=\"57f81ae\" data-element_type=\"widget\" data-widget_type=\"text-editor.default\">\n\t\t\t\t<div class=\"elementor-widget-container\">\n\t\t\t\t\t\t\t\t\t<p>Improve the overall performance of your company thanks to our QHSE training.<\/p><p>Thanks to practical and interactive methods, your teams will be ready to integrate these issues into their daily lives, thus ensuring a safer and more sustainable environment.<\/p>\t\t\t\t\t\t\t\t<\/div>\n\t\t\t\t<\/div>\n\t\t\t\t<div class=\"elementor-element elementor-element-09920d5 elementor-widget elementor-widget-text-editor\" data-id=\"09920d5\" data-element_type=\"widget\" data-widget_type=\"text-editor.default\">\n\t\t\t\t<div class=\"elementor-widget-container\">\n\t\t\t\t\t\t\t\t\t<p>Develop the human skills essential to your success. Learn to communicate better, work in a team and manage stress.<\/p><p>Our workshops allow you to master key skills for a harmonious professional environment.<\/p>\t\t\t\t\t\t\t\t<\/div>\n\t\t\t\t<\/div>\n\t\t\t\t<div class=\"elementor-element elementor-element-6b3ac30 elementor-widget elementor-widget-text-editor\" data-id=\"6b3ac30\" data-element_type=\"widget\" data-widget_type=\"text-editor.default\">\n\t\t\t\t<div class=\"elementor-widget-container\">\n\t\t\t\t\t\t\t\t\t<p>Improve your operational efficiency with our production technique training.<\/p><p>We guide you through modern production management methods to optimize your processes and increase your productivity.<\/p>\t\t\t\t\t\t\t\t<\/div>\n\t\t\t\t<\/div>\n\t\t\t\t<div class=\"elementor-element elementor-element-b8d0a78 elementor-widget elementor-widget-text-editor\" data-id=\"b8d0a78\" data-element_type=\"widget\" data-widget_type=\"text-editor.default\">\n\t\t\t\t<div class=\"elementor-widget-container\">\n\t\t\t\t\t\t\t\t\t<p>At CCELOG, we believe that every business is unique. This is why we offer tailor-made training, adapted to your specific needs.<\/p><p>We build flexible programs that perfectly meet your expectations.<\/p>\t\t\t\t\t\t\t\t<\/div>\n\t\t\t\t<\/div>\n\t\t\t\t<div class=\"elementor-element elementor-element-24d0745 elementor-widget elementor-widget-text-editor\" data-id=\"24d0745\" data-element_type=\"widget\" data-widget_type=\"text-editor.default\">\n\t\t\t\t<div class=\"elementor-widget-container\">\n\t\t\t\t\t\t\t\t\t\nAwareness and Training\t\t\t\t\t\t\t\t<\/div>\n\t\t\t\t<\/div>\n\t\t\t\t<div class=\"elementor-element elementor-element-b7fb4da elementor-widget elementor-widget-text-editor\" data-id=\"b7fb4da\" data-element_type=\"widget\" data-widget_type=\"text-editor.default\">\n\t\t\t\t<div class=\"elementor-widget-container\">\n\t\t\t\t\t\t\t\t\t\nPromotion of a Safety Culture\t\t\t\t\t\t\t\t<\/div>\n\t\t\t\t<\/div>\n\t\t\t\t<div class=\"elementor-element elementor-element-11635e3 elementor-widget elementor-widget-text-editor\" data-id=\"11635e3\" data-element_type=\"widget\" data-widget_type=\"text-editor.default\">\n\t\t\t\t<div class=\"elementor-widget-container\">\n\t\t\t\t\t\t\t\t\tAccident Prevention\n\t\t\t\t\t\t\t\t<\/div>\n\t\t\t\t<\/div>\n\t\t\t\t<div class=\"elementor-element elementor-element-aa002d3 elementor-widget elementor-widget-text-editor\" data-id=\"aa002d3\" data-element_type=\"widget\" data-widget_type=\"text-editor.default\">\n\t\t\t\t<div class=\"elementor-widget-container\">\n\t\t\t\t\t\t\t\t\tLegal Compliance\t\t\t\t\t\t\t\t<\/div>\n\t\t\t\t<\/div>\n\t\t\t\t<div class=\"elementor-element elementor-element-f786098 elementor-widget elementor-widget-text-editor\" data-id=\"f786098\" data-element_type=\"widget\" data-widget_type=\"text-editor.default\">\n\t\t\t\t<div class=\"elementor-widget-container\">\n\t\t\t\t\t\t\t\t\tIlluminate employees about the risks inherent in their work environment and provide them with the tools needed to adopt safe behaviors.\t\t\t\t\t\t\t\t<\/div>\n\t\t\t\t<\/div>\n\t\t\t\t<div class=\"elementor-element elementor-element-44aec85 elementor-widget elementor-widget-text-editor\" data-id=\"44aec85\" data-element_type=\"widget\" data-widget_type=\"text-editor.default\">\n\t\t\t\t<div class=\"elementor-widget-container\">\n\t\t\t\t\t\t\t\t\tPromote a safety-focused company culture where every employee feels invested in and responsible for their own safety as well as that of their colleagues.\t\t\t\t\t\t\t\t<\/div>\n\t\t\t\t<\/div>\n\t\t\t\t<div class=\"elementor-element elementor-element-1cb7871 elementor-widget elementor-widget-text-editor\" data-id=\"1cb7871\" data-element_type=\"widget\" data-widget_type=\"text-editor.default\">\n\t\t\t\t<div class=\"elementor-widget-container\">\n\t\t\t\t\t\t\t\t\tReduce workplace accidents by disseminating information on preventive measures and fostering proactive vigilance among employees.\t\t\t\t\t\t\t\t<\/div>\n\t\t\t\t<\/div>\n\t\t\t\t<div class=\"elementor-element elementor-element-977421a elementor-widget elementor-widget-text-editor\" data-id=\"977421a\" data-element_type=\"widget\" data-widget_type=\"text-editor.default\">\n\t\t\t\t<div class=\"elementor-widget-container\">\n\t\t\t\t\t\t\t\t\tEnsure the company\u2019s compliance with health and safety regulations and standards.\t\t\t\t\t\t\t\t<\/div>\n\t\t\t\t<\/div>\n\t\t\t\t<div class=\"elementor-element elementor-element-5a656cc elementor-widget elementor-widget-text-editor\" data-id=\"5a656cc\" data-element_type=\"widget\" data-widget_type=\"text-editor.default\">\n\t\t\t\t<div class=\"elementor-widget-container\">\n\t\t\t\t\t\t\t\t\t<p><span class=\"TextRun Highlight SCXW241622628 BCX4\" lang=\"FR-FR\" xml:lang=\"FR-FR\" data-contrast=\"none\"><span class=\"NormalTextRun SCXW241622628 BCX4\">VR Workshop <\/span><span class=\"NormalTextRun SCXW241622628 BCX4\">helps deliver immersive, hands-on safety training, increasing participant engagement, improving information retention through realistic simulations of hazardous situations, and providing a safe, repetitive training environment to develop safety skills. response to emergencies, thereby reinforcing a proactive safety culture within the organization.<\/span><\/span><span class=\"EOP SCXW241622628 BCX4\" data-ccp-props=\"{&quot;201341983&quot;:0,&quot;335559739&quot;:160,&quot;335559740&quot;:259}\">\u00a0<\/span><\/p>\t\t\t\t\t\t\t\t<\/div>\n\t\t\t\t<\/div>\n\t\t\t\t<div class=\"elementor-element elementor-element-adcc66e elementor-widget elementor-widget-text-editor\" data-id=\"adcc66e\" data-element_type=\"widget\" data-widget_type=\"text-editor.default\">\n\t\t\t\t<div class=\"elementor-widget-container\">\n\t\t\t\t\t\t\t\t\t<p><span class=\"TextRun Highlight SCXW99981533 BCX4\" lang=\"FR-FR\" xml:lang=\"FR-FR\" data-contrast=\"none\"><span class=\"NormalTextRun SCXW99981533 BCX4\">A muscle awakening workshop during the <\/span><span class=\"NormalTextRun SpellingErrorV2Themed SCXW99981533 BCX4\">Safety<\/span><span class=\"NormalTextRun SCXW99981533 BCX4\"> Days promotes injury prevention, improves the flexibility and physical preparation of employees, reduces pain and fatigue, while strengthening the general well-being and effectiveness of teams, thus contributing to a culture of safety and health in the workplace. work.<\/span><\/span><span class=\"EOP SCXW99981533 BCX4\" data-ccp-props=\"{&quot;201341983&quot;:0,&quot;335559739&quot;:160,&quot;335559740&quot;:259}\">\u00a0<\/span><\/p>\t\t\t\t\t\t\t\t<\/div>\n\t\t\t\t<\/div>\n\t\t\t\t<div class=\"elementor-element elementor-element-2365c95 elementor-widget elementor-widget-text-editor\" data-id=\"2365c95\" data-element_type=\"widget\" data-widget_type=\"text-editor.default\">\n\t\t\t\t<div class=\"elementor-widget-container\">\n\t\t\t\t\t\t\t\t\t<p class=\"translation-block\"><span class=\"TextRun Highlight SCXW187510993 BCX4\" lang=\"FR-FR\" xml:lang=\"FR-FR\" data-contrast=\"none\"><span class=\"NormalTextRun SCXW187510993 BCX4\">A driving course during Days helps improve employee driving skills, increase safety awareness road safety, promote safe and responsible driving behaviors, and reduce the risk of accidents, thereby contributing to a proactive road safety culture within the organization.<\/span><\/span><span class=\"EOP SCXW187510993 BCX4\"> <\/span><\/p>\t\t\t\t\t\t\t\t<\/div>\n\t\t\t\t<\/div>\n\t\t\t\t<div class=\"elementor-element elementor-element-06cbf5a elementor-widget elementor-widget-text-editor\" data-id=\"06cbf5a\" data-element_type=\"widget\" data-widget_type=\"text-editor.default\">\n\t\t\t\t<div class=\"elementor-widget-container\">\n\t\t\t\t\t\t\t\t\t<p class=\"translation-block\"><span class=\"TextRun Highlight SCXW84143091 BCX4\" lang=\"FR-FR\" xml:lang=\"FR-FR\" data-contrast=\"none\"><span class=\"NormalTextRun SCXW84143091 BCX4\">A well-being workshop during Days helps improve the mental and physical health of employees, reduce stress and absenteeism, increase job satisfaction and productivity, and promote a culture of well-being and safety within the organization.<\/span><\/span><span class=\"EOP SCXW84143091 BCX4\"> <\/span><\/p>\t\t\t\t\t\t\t\t<\/div>\n\t\t\t\t<\/div>\n\t\t\t\t<div class=\"elementor-element elementor-element-ba7affe elementor-widget elementor-widget-text-editor\" data-id=\"ba7affe\" data-element_type=\"widget\" data-widget_type=\"text-editor.default\">\n\t\t\t\t<div class=\"elementor-widget-container\">\n\t\t\t\t\t\t\t\t\t<p>Well-being workshop<\/p>\t\t\t\t\t\t\t\t<\/div>\n\t\t\t\t<\/div>\n\t\t\t\t<div class=\"elementor-element elementor-element-e549163 elementor-widget elementor-widget-text-editor\" data-id=\"e549163\" data-element_type=\"widget\" data-widget_type=\"text-editor.default\">\n\t\t\t\t<div class=\"elementor-widget-container\">\n\t\t\t\t\t\t\t\t\tLearn to anticipate demand, manage inventory and reduce costs while increasing your operational agility. Our practical modules will allow you to acquire concrete skills, directly applicable to your work environment.\t\t\t\t\t\t\t\t<\/div>\n\t\t\t\t<\/div>\n\t\t\t\t<div class=\"elementor-element elementor-element-06ffa54 elementor-widget elementor-widget-text-editor\" data-id=\"06ffa54\" data-element_type=\"widget\" data-widget_type=\"text-editor.default\">\n\t\t\t\t<div class=\"elementor-widget-container\">\n\t\t\t\t\t\t\t\t\tAm\u00e9liorez votre efficacit\u00e9 op\u00e9rationnelle avec nos formations en technique de production. Nous vous guidons \u00e0 travers les m\u00e9thodes modernes de gestion de la production, afin d&rsquo;optimiser vos processus et d\u2019accro\u00eetre votre productivit\u00e9.\t\t\t\t\t\t\t\t<\/div>\n\t\t\t\t<\/div>\n\t\t\t\t<div class=\"elementor-element elementor-element-9669fe8 elementor-widget elementor-widget-text-editor\" data-id=\"9669fe8\" data-element_type=\"widget\" data-widget_type=\"text-editor.default\">\n\t\t\t\t<div class=\"elementor-widget-container\">\n\t\t\t\t\t\t\t\t\tChez CCELOG, nous croyons que chaque entreprise est unique. C&rsquo;est pourquoi nous proposons des formations sur mesure, adapt\u00e9es \u00e0 vos besoins sp\u00e9cifiques. Nous construisons des programmes flexibles qui r\u00e9pondent parfaitement \u00e0 vos attentes.\t\t\t\t\t\t\t\t<\/div>\n\t\t\t\t<\/div>\n\t\t\t\t\t<\/div>\n\t\t<\/div>\n\t\t\t\t\t<\/div>\n\t\t<\/section>\n\t\t\t\t<\/div>","protected":false},"excerpt":{"rendered":"<p>Civilit\u00e9 Particulier EntrepriseRaison de contactOn bording Autre Autre (pr\u00e9cisez) Apprenez \u00e0 anticiper la demande, g\u00e9rer les stocks et r\u00e9duire les co\u00fbts tout en augmentant votre agilit\u00e9 op\u00e9rationnelle. Nos modules pratiques vous permettront d&rsquo;acqu\u00e9rir des comp\u00e9tences concr\u00e8tes, directement applicables \u00e0 votre environnement de travail. Am\u00e9liorez la performance globale de votre entreprise gr\u00e2ce \u00e0 nos formations QHSE. Gr\u00e2ce \u00e0 des m\u00e9thodes pratiques et interactives, vos \u00e9quipes seront pr\u00eates \u00e0 int\u00e9grer ces enjeux dans leur quotidien, assurant ainsi un cadre plus s\u00fbr et durable. D\u00e9veloppez les comp\u00e9tences humaines essentielles \u00e0 votre succ\u00e8s. Apprenez \u00e0 mieux communiquer, \u00e0 travailler en \u00e9quipe et \u00e0 g\u00e9rer le stress. Nos ateliers vous permettent de ma\u00eetriser des comp\u00e9tences cl\u00e9s pour un environnement professionnel harmonieux. Am\u00e9liorez votre efficacit\u00e9 op\u00e9rationnelle avec nos formations en technique de production. Nous vous guidons \u00e0 travers les m\u00e9thodes modernes de gestion de la production, afin d&rsquo;optimiser vos processus et d\u2019accro\u00eetre votre productivit\u00e9. Chez CCELOG, nous croyons que chaque entreprise est unique. C&rsquo;est pourquoi nous proposons des formations sur mesure, adapt\u00e9es \u00e0 vos besoins sp\u00e9cifiques. Nous construisons des programmes flexibles qui r\u00e9pondent parfaitement \u00e0 vos attentes. Sensibilisation et Formation Promotion de la Culture de S\u00e9curit\u00e9Pr\u00e9vention des Accidents Conformit\u00e9 L\u00e9gale\u00c9clairer les employ\u00e9s sur les risques inh\u00e9rents \u00e0 leur environnement de travail et leur fournir les outils n\u00e9cessaires pour adopter des comportements s\u00e9curitaires.Promouvoir une culture d&rsquo;entreprise ax\u00e9e sur la s\u00e9curit\u00e9, o\u00f9 chaque employ\u00e9 se sent investi et responsable de sa propre s\u00e9curit\u00e9 ainsi que de celle de ses coll\u00e8gues.Limiter les accidents de travail en diffusant des informations sur les mesures pr\u00e9ventives et en cultivant une vigilance proactive parmi les employ\u00e9s.Garantir la conformit\u00e9 de l&rsquo;entreprise aux r\u00e9glementations et normes en mati\u00e8re de sant\u00e9 et de s\u00e9curit\u00e9 au travail. Un atelier VR permet d&rsquo;offrir une formation immersive et pratique en mati\u00e8re de s\u00e9curit\u00e9, augmentant l&rsquo;engagement des participants, am\u00e9liorant la r\u00e9tention des informations gr\u00e2ce \u00e0 des simulations r\u00e9alistes de situations dangereuses, et offrant un environnement d&rsquo;entra\u00eenement s\u00fbr et r\u00e9p\u00e9titif pour d\u00e9velopper les comp\u00e9tences de r\u00e9action en cas d&rsquo;urgence, renfor\u00e7ant ainsi une culture proactive de la s\u00e9curit\u00e9 au sein de l&rsquo;organisation.\u00a0 Un atelier de r\u00e9veil musculaire durant les Safety Days favorise la pr\u00e9vention des blessures, am\u00e9liore la souplesse et la pr\u00e9paration physique des employ\u00e9s, r\u00e9duit les douleurs et la fatigue, tout en renfor\u00e7ant le bien-\u00eatre g\u00e9n\u00e9ral et l&rsquo;efficacit\u00e9 des \u00e9quipes, contribuant ainsi \u00e0 une culture de s\u00e9curit\u00e9 et de sant\u00e9 au travail.\u00a0 Un parcours de conduite durant les Safety Days permet d&rsquo;am\u00e9liorer les comp\u00e9tences de conduite des employ\u00e9s, de renforcer la sensibilisation aux r\u00e8gles de s\u00e9curit\u00e9 routi\u00e8re, de promouvoir des comportements de conduite prudents et responsables, et de r\u00e9duire les risques d&rsquo;accidents, contribuant ainsi \u00e0 une culture de s\u00e9curit\u00e9 routi\u00e8re proactive au sein de l&rsquo;organisation.\u00a0 Un atelier bien-\u00eatre durant les Safety Days contribue \u00e0 am\u00e9liorer la sant\u00e9 mentale et physique des employ\u00e9s, \u00e0 r\u00e9duire le stress et l&rsquo;absent\u00e9isme, \u00e0 accro\u00eetre la satisfaction et la productivit\u00e9 au travail, et \u00e0 promouvoir une culture de bien-\u00eatre et de s\u00e9curit\u00e9 au sein de l&rsquo;organisation.\u00a0 Atelier Bien-\u00eatre Apprenez \u00e0 anticiper la demande, g\u00e9rer les stocks et r\u00e9duire les co\u00fbts tout en augmentant votre agilit\u00e9 op\u00e9rationnelle. Nos modules pratiques vous permettront d&rsquo;acqu\u00e9rir des comp\u00e9tences concr\u00e8tes, directement applicables \u00e0 votre environnement de travail.Am\u00e9liorez votre efficacit\u00e9 op\u00e9rationnelle avec nos formations en technique de production. Nous vous guidons \u00e0 travers les m\u00e9thodes modernes de gestion de la production, afin d&rsquo;optimiser vos processus et d\u2019accro\u00eetre votre productivit\u00e9.Chez CCELOG, nous croyons que chaque entreprise est unique. C&rsquo;est pourquoi nous proposons des formations sur mesure, adapt\u00e9es \u00e0 vos besoins sp\u00e9cifiques. Nous construisons des programmes flexibles qui r\u00e9pondent parfaitement \u00e0 vos attentes.<\/p>","protected":false},"author":2,"featured_media":0,"parent":0,"menu_order":0,"comment_status":"closed","ping_status":"closed","template":"","meta":{"footnotes":""},"class_list":["post-4052","page","type-page","status-publish","hentry"],"_links":{"self":[{"href":"https:\/\/ccelog.com\/en\/wp-json\/wp\/v2\/pages\/4052","targetHints":{"allow":["GET"]}}],"collection":[{"href":"https:\/\/ccelog.com\/en\/wp-json\/wp\/v2\/pages"}],"about":[{"href":"https:\/\/ccelog.com\/en\/wp-json\/wp\/v2\/types\/page"}],"author":[{"embeddable":true,"href":"https:\/\/ccelog.com\/en\/wp-json\/wp\/v2\/users\/2"}],"replies":[{"embeddable":true,"href":"https:\/\/ccelog.com\/en\/wp-json\/wp\/v2\/comments?post=4052"}],"version-history":[{"count":0,"href":"https:\/\/ccelog.com\/en\/wp-json\/wp\/v2\/pages\/4052\/revisions"}],"wp:attachment":[{"href":"https:\/\/ccelog.com\/en\/wp-json\/wp\/v2\/media?parent=4052"}],"curies":[{"name":"wp","href":"https:\/\/api.w.org\/{rel}","templated":true}]}}