{"id":1680,"date":"2024-09-11T09:03:58","date_gmt":"2024-09-11T09:03:58","guid":{"rendered":"https:\/\/ccelog.com\/?page_id=1680"},"modified":"2024-10-10T17:37:22","modified_gmt":"2024-10-10T17:37:22","slug":"cgu","status":"publish","type":"page","link":"https:\/\/ccelog.com\/en\/cgu\/","title":{"rendered":"Terms and Conditions"},"content":{"rendered":"<div data-elementor-type=\"wp-page\" data-elementor-id=\"1680\" class=\"elementor elementor-1680\" data-elementor-settings=\"{&quot;element_pack_global_tooltip_width&quot;:{&quot;unit&quot;:&quot;px&quot;,&quot;size&quot;:&quot;&quot;,&quot;sizes&quot;:[]},&quot;element_pack_global_tooltip_width_tablet&quot;:{&quot;unit&quot;:&quot;px&quot;,&quot;size&quot;:&quot;&quot;,&quot;sizes&quot;:[]},&quot;element_pack_global_tooltip_width_mobile&quot;:{&quot;unit&quot;:&quot;px&quot;,&quot;size&quot;:&quot;&quot;,&quot;sizes&quot;:[]},&quot;element_pack_global_tooltip_padding&quot;:{&quot;unit&quot;:&quot;px&quot;,&quot;top&quot;:&quot;&quot;,&quot;right&quot;:&quot;&quot;,&quot;bottom&quot;:&quot;&quot;,&quot;left&quot;:&quot;&quot;,&quot;isLinked&quot;:true},&quot;element_pack_global_tooltip_padding_tablet&quot;:{&quot;unit&quot;:&quot;px&quot;,&quot;top&quot;:&quot;&quot;,&quot;right&quot;:&quot;&quot;,&quot;bottom&quot;:&quot;&quot;,&quot;left&quot;:&quot;&quot;,&quot;isLinked&quot;:true},&quot;element_pack_global_tooltip_padding_mobile&quot;:{&quot;unit&quot;:&quot;px&quot;,&quot;top&quot;:&quot;&quot;,&quot;right&quot;:&quot;&quot;,&quot;bottom&quot;:&quot;&quot;,&quot;left&quot;:&quot;&quot;,&quot;isLinked&quot;:true},&quot;element_pack_global_tooltip_border_radius&quot;:{&quot;unit&quot;:&quot;px&quot;,&quot;top&quot;:&quot;&quot;,&quot;right&quot;:&quot;&quot;,&quot;bottom&quot;:&quot;&quot;,&quot;left&quot;:&quot;&quot;,&quot;isLinked&quot;:true},&quot;element_pack_global_tooltip_border_radius_tablet&quot;:{&quot;unit&quot;:&quot;px&quot;,&quot;top&quot;:&quot;&quot;,&quot;right&quot;:&quot;&quot;,&quot;bottom&quot;:&quot;&quot;,&quot;left&quot;:&quot;&quot;,&quot;isLinked&quot;:true},&quot;element_pack_global_tooltip_border_radius_mobile&quot;:{&quot;unit&quot;:&quot;px&quot;,&quot;top&quot;:&quot;&quot;,&quot;right&quot;:&quot;&quot;,&quot;bottom&quot;:&quot;&quot;,&quot;left&quot;:&quot;&quot;,&quot;isLinked&quot;:true}}\" data-elementor-post-type=\"page\">\n\t\t\t\t<div data-particle_enable=\"false\" data-particle-mobile-disabled=\"false\" class=\"elementor-element elementor-element-db04299 e-con-full e-flex wpr-particle-no wpr-jarallax-no wpr-parallax-no wpr-sticky-section-no e-con e-parent\" data-id=\"db04299\" data-element_type=\"container\" data-settings=\"{&quot;background_background&quot;:&quot;classic&quot;}\">\n\t\t\t\t<div class=\"elementor-element elementor-element-4ae7b96 elementor-widget elementor-widget-heading\" data-id=\"4ae7b96\" data-element_type=\"widget\" data-widget_type=\"heading.default\">\n\t\t\t\t<div class=\"elementor-widget-container\">\n\t\t\t\t\t<h2 class=\"elementor-heading-title elementor-size-default\"><b>Conditions G\u00e9n\u00e9rales d'Utilisation<\/b><\/h2>\t\t\t\t<\/div>\n\t\t\t\t<\/div>\n\t\t\t\t<\/div>\n\t\t<div data-particle_enable=\"false\" data-particle-mobile-disabled=\"false\" class=\"elementor-element elementor-element-749fe24 e-flex e-con-boxed wpr-particle-no wpr-jarallax-no wpr-parallax-no wpr-sticky-section-no elementor-invisible e-con e-parent\" data-id=\"749fe24\" data-element_type=\"container\" data-settings=\"{&quot;animation&quot;:&quot;fadeIn&quot;}\">\n\t\t\t\t\t<div class=\"e-con-inner\">\n\t\t<div data-particle_enable=\"false\" data-particle-mobile-disabled=\"false\" class=\"elementor-element elementor-element-021153c e-con-full e-flex wpr-particle-no wpr-jarallax-no wpr-parallax-no wpr-sticky-section-no e-con e-child\" data-id=\"021153c\" data-element_type=\"container\">\n\t\t\t\t<div class=\"elementor-element elementor-element-854e166 elementor-widget elementor-widget-heading\" data-id=\"854e166\" data-element_type=\"widget\" data-widget_type=\"heading.default\">\n\t\t\t\t<div class=\"elementor-widget-container\">\n\t\t\t\t\t<h6 class=\"elementor-heading-title elementor-size-default\">A PROPOS DE NOUS<\/h6>\t\t\t\t<\/div>\n\t\t\t\t<\/div>\n\t\t\t\t<div class=\"elementor-element elementor-element-8deaa68 elementor-widget elementor-widget-heading\" data-id=\"8deaa68\" data-element_type=\"widget\" data-widget_type=\"heading.default\">\n\t\t\t\t<div class=\"elementor-widget-container\">\n\t\t\t\t\t<h2 class=\"elementor-heading-title elementor-size-default\"><b>Terms and Conditions<\/b><\/h2>\t\t\t\t<\/div>\n\t\t\t\t<\/div>\n\t\t\t\t<div class=\"elementor-element elementor-element-cef0e6d elementor-widget__width-initial elementor-widget elementor-widget-text-editor\" data-id=\"cef0e6d\" data-element_type=\"widget\" data-widget_type=\"text-editor.default\">\n\t\t\t\t<div class=\"elementor-widget-container\">\n\t\t\t\t\t\t\t\t\t<ol><li><span style=\"font-weight: 400;\"> Acceptation des CGU<\/span><\/li><\/ol><p><span style=\"font-weight: 400;\">En utilisant notre site, vous acceptez ces conditions g\u00e9n\u00e9rales d&rsquo;utilisation. Si vous n&rsquo;\u00eates pas d&rsquo;accord, veuillez ne pas utiliser notre site.<\/span><\/p><ol start=\"2\"><li><span style=\"font-weight: 400;\"> Utilisation du site<\/span><\/li><\/ol><p><span style=\"font-weight: 400;\">Vous vous engagez \u00e0 utiliser notre site conform\u00e9ment \u00e0 la l\u00e9gislation en vigueur. Vous ne devez pas utiliser le site \u00e0 des fins ill\u00e9gales ou nuisibles.<\/span><\/p><ol start=\"3\"><li><span style=\"font-weight: 400;\"> Propri\u00e9t\u00e9 intellectuelle<\/span><\/li><\/ol><p><span style=\"font-weight: 400;\">Tout le contenu de notre site (textes, images, logos) est prot\u00e9g\u00e9 par des droits de propri\u00e9t\u00e9 intellectuelle. Toute reproduction ou utilisation sans autorisation est interdite.<\/span><\/p><ol start=\"4\"><li><span style=\"font-weight: 400;\"> Limitation de responsabilit\u00e9<\/span><\/li><\/ol><p><span style=\"font-weight: 400;\">CCELOG ne pourra \u00eatre tenu responsable des dommages directs ou indirects li\u00e9s \u00e0 l&rsquo;utilisation de notre site, y compris les pertes de donn\u00e9es ou de profits.<\/span><\/p><ol start=\"5\"><li><span style=\"font-weight: 400;\"> Liens vers d&rsquo;autres sites<\/span><\/li><\/ol><p><span style=\"font-weight: 400;\">Notre site peut contenir des liens vers des sites externes. Nous ne sommes pas responsables du contenu de ces sites et vous encourageons \u00e0 consulter leurs politiques de confidentialit\u00e9.<\/span><\/p><ol start=\"6\"><li><span style=\"font-weight: 400;\"> Modifications des CGU<\/span><\/li><\/ol><p><span style=\"font-weight: 400;\">Nous nous r\u00e9servons le droit de modifier ces conditions g\u00e9n\u00e9rales d&rsquo;utilisation \u00e0 tout moment. Les changements seront publi\u00e9s sur cette page.<\/span><\/p>\t\t\t\t\t\t\t\t<\/div>\n\t\t\t\t<\/div>\n\t\t\t\t<div class=\"elementor-element elementor-element-d6d09ab elementor-widget elementor-widget-button\" data-id=\"d6d09ab\" data-element_type=\"widget\" data-widget_type=\"button.default\">\n\t\t\t\t<div class=\"elementor-widget-container\">\n\t\t\t\t\t\t\t\t\t<div class=\"elementor-button-wrapper\">\n\t\t\t\t\t<a class=\"elementor-button elementor-size-sm\" role=\"button\">\n\t\t\t\t\t\t<span class=\"elementor-button-content-wrapper\">\n\t\t\t\t\t\t\t\t\t<span class=\"elementor-button-text\">Contact Us<\/span>\n\t\t\t\t\t<\/span>\n\t\t\t\t\t<\/a>\n\t\t\t\t<\/div>\n\t\t\t\t\t\t\t\t<\/div>\n\t\t\t\t<\/div>\n\t\t\t\t<\/div>\n\t\t\t\t\t<\/div>\n\t\t\t\t<\/div>\n\t\t<div data-particle_enable=\"false\" data-particle-mobile-disabled=\"false\" class=\"elementor-element elementor-element-3322a56 e-flex e-con-boxed wpr-particle-no wpr-jarallax-no wpr-parallax-no wpr-sticky-section-no e-con e-parent\" data-id=\"3322a56\" data-element_type=\"container\">\n\t\t\t\t\t<div class=\"e-con-inner\">\n\t\t\t\t\t<\/div>\n\t\t\t\t<\/div>\n\t\t\t\t<\/div>","protected":false},"excerpt":{"rendered":"<p>Conditions G\u00e9n\u00e9rales d&rsquo;Utilisation A PROPOS DE NOUS CGU Acceptation des CGU En utilisant notre site, vous acceptez ces conditions g\u00e9n\u00e9rales d&rsquo;utilisation. Si vous n&rsquo;\u00eates pas d&rsquo;accord, veuillez ne pas utiliser notre site. Utilisation du site Vous vous engagez \u00e0 utiliser notre site conform\u00e9ment \u00e0 la l\u00e9gislation en vigueur. Vous ne devez pas utiliser le site \u00e0 des fins ill\u00e9gales ou nuisibles. Propri\u00e9t\u00e9 intellectuelle Tout le contenu de notre site (textes, images, logos) est prot\u00e9g\u00e9 par des droits de propri\u00e9t\u00e9 intellectuelle. Toute reproduction ou utilisation sans autorisation est interdite. Limitation de responsabilit\u00e9 CCELOG ne pourra \u00eatre tenu responsable des dommages directs ou indirects li\u00e9s \u00e0 l&rsquo;utilisation de notre site, y compris les pertes de donn\u00e9es ou de profits. Liens vers d&rsquo;autres sites Notre site peut contenir des liens vers des sites externes. Nous ne sommes pas responsables du contenu de ces sites et vous encourageons \u00e0 consulter leurs politiques de confidentialit\u00e9. Modifications des CGU Nous nous r\u00e9servons le droit de modifier ces conditions g\u00e9n\u00e9rales d&rsquo;utilisation \u00e0 tout moment. Les changements seront publi\u00e9s sur cette page. Contactez-nous<\/p>","protected":false},"author":2,"featured_media":0,"parent":0,"menu_order":0,"comment_status":"closed","ping_status":"closed","template":"elementor_header_footer","meta":{"footnotes":""},"class_list":["post-1680","page","type-page","status-publish","hentry"],"_links":{"self":[{"href":"https:\/\/ccelog.com\/en\/wp-json\/wp\/v2\/pages\/1680","targetHints":{"allow":["GET"]}}],"collection":[{"href":"https:\/\/ccelog.com\/en\/wp-json\/wp\/v2\/pages"}],"about":[{"href":"https:\/\/ccelog.com\/en\/wp-json\/wp\/v2\/types\/page"}],"author":[{"embeddable":true,"href":"https:\/\/ccelog.com\/en\/wp-json\/wp\/v2\/users\/2"}],"replies":[{"embeddable":true,"href":"https:\/\/ccelog.com\/en\/wp-json\/wp\/v2\/comments?post=1680"}],"version-history":[{"count":0,"href":"https:\/\/ccelog.com\/en\/wp-json\/wp\/v2\/pages\/1680\/revisions"}],"wp:attachment":[{"href":"https:\/\/ccelog.com\/en\/wp-json\/wp\/v2\/media?parent=1680"}],"curies":[{"name":"wp","href":"https:\/\/api.w.org\/{rel}","templated":true}]}}