{"id":1675,"date":"2024-09-11T08:57:59","date_gmt":"2024-09-11T08:57:59","guid":{"rendered":"https:\/\/ccelog.com\/?page_id=1675"},"modified":"2024-10-10T17:37:30","modified_gmt":"2024-10-10T17:37:30","slug":"politique-cookies","status":"publish","type":"page","link":"https:\/\/ccelog.com\/en\/politique-cookies\/","title":{"rendered":"Cookie Policy"},"content":{"rendered":"<div data-elementor-type=\"wp-page\" data-elementor-id=\"1675\" class=\"elementor elementor-1675\" data-elementor-settings=\"{&quot;element_pack_global_tooltip_width&quot;:{&quot;unit&quot;:&quot;px&quot;,&quot;size&quot;:&quot;&quot;,&quot;sizes&quot;:[]},&quot;element_pack_global_tooltip_width_tablet&quot;:{&quot;unit&quot;:&quot;px&quot;,&quot;size&quot;:&quot;&quot;,&quot;sizes&quot;:[]},&quot;element_pack_global_tooltip_width_mobile&quot;:{&quot;unit&quot;:&quot;px&quot;,&quot;size&quot;:&quot;&quot;,&quot;sizes&quot;:[]},&quot;element_pack_global_tooltip_padding&quot;:{&quot;unit&quot;:&quot;px&quot;,&quot;top&quot;:&quot;&quot;,&quot;right&quot;:&quot;&quot;,&quot;bottom&quot;:&quot;&quot;,&quot;left&quot;:&quot;&quot;,&quot;isLinked&quot;:true},&quot;element_pack_global_tooltip_padding_tablet&quot;:{&quot;unit&quot;:&quot;px&quot;,&quot;top&quot;:&quot;&quot;,&quot;right&quot;:&quot;&quot;,&quot;bottom&quot;:&quot;&quot;,&quot;left&quot;:&quot;&quot;,&quot;isLinked&quot;:true},&quot;element_pack_global_tooltip_padding_mobile&quot;:{&quot;unit&quot;:&quot;px&quot;,&quot;top&quot;:&quot;&quot;,&quot;right&quot;:&quot;&quot;,&quot;bottom&quot;:&quot;&quot;,&quot;left&quot;:&quot;&quot;,&quot;isLinked&quot;:true},&quot;element_pack_global_tooltip_border_radius&quot;:{&quot;unit&quot;:&quot;px&quot;,&quot;top&quot;:&quot;&quot;,&quot;right&quot;:&quot;&quot;,&quot;bottom&quot;:&quot;&quot;,&quot;left&quot;:&quot;&quot;,&quot;isLinked&quot;:true},&quot;element_pack_global_tooltip_border_radius_tablet&quot;:{&quot;unit&quot;:&quot;px&quot;,&quot;top&quot;:&quot;&quot;,&quot;right&quot;:&quot;&quot;,&quot;bottom&quot;:&quot;&quot;,&quot;left&quot;:&quot;&quot;,&quot;isLinked&quot;:true},&quot;element_pack_global_tooltip_border_radius_mobile&quot;:{&quot;unit&quot;:&quot;px&quot;,&quot;top&quot;:&quot;&quot;,&quot;right&quot;:&quot;&quot;,&quot;bottom&quot;:&quot;&quot;,&quot;left&quot;:&quot;&quot;,&quot;isLinked&quot;:true}}\" data-elementor-post-type=\"page\">\n\t\t\t\t<div data-particle_enable=\"false\" data-particle-mobile-disabled=\"false\" class=\"elementor-element elementor-element-db04299 e-con-full e-flex wpr-particle-no wpr-jarallax-no wpr-parallax-no wpr-sticky-section-no e-con e-parent\" data-id=\"db04299\" data-element_type=\"container\" data-settings=\"{&quot;background_background&quot;:&quot;classic&quot;}\">\n\t\t\t\t<div class=\"elementor-element elementor-element-4ae7b96 elementor-widget elementor-widget-heading\" data-id=\"4ae7b96\" data-element_type=\"widget\" data-widget_type=\"heading.default\">\n\t\t\t\t<div class=\"elementor-widget-container\">\n\t\t\t\t\t<h2 class=\"elementor-heading-title elementor-size-default\"><b>Cookie Policy<\/b><\/h2>\t\t\t\t<\/div>\n\t\t\t\t<\/div>\n\t\t\t\t<\/div>\n\t\t<div data-particle_enable=\"false\" data-particle-mobile-disabled=\"false\" class=\"elementor-element elementor-element-749fe24 e-flex e-con-boxed wpr-particle-no wpr-jarallax-no wpr-parallax-no wpr-sticky-section-no elementor-invisible e-con e-parent\" data-id=\"749fe24\" data-element_type=\"container\" data-settings=\"{&quot;animation&quot;:&quot;fadeIn&quot;}\">\n\t\t\t\t\t<div class=\"e-con-inner\">\n\t\t<div data-particle_enable=\"false\" data-particle-mobile-disabled=\"false\" class=\"elementor-element elementor-element-021153c e-con-full e-flex wpr-particle-no wpr-jarallax-no wpr-parallax-no wpr-sticky-section-no e-con e-child\" data-id=\"021153c\" data-element_type=\"container\">\n\t\t\t\t<div class=\"elementor-element elementor-element-854e166 elementor-widget elementor-widget-heading\" data-id=\"854e166\" data-element_type=\"widget\" data-widget_type=\"heading.default\">\n\t\t\t\t<div class=\"elementor-widget-container\">\n\t\t\t\t\t<h6 class=\"elementor-heading-title elementor-size-default\">A PROPOS DE NOUS<\/h6>\t\t\t\t<\/div>\n\t\t\t\t<\/div>\n\t\t\t\t<div class=\"elementor-element elementor-element-8deaa68 elementor-widget elementor-widget-heading\" data-id=\"8deaa68\" data-element_type=\"widget\" data-widget_type=\"heading.default\">\n\t\t\t\t<div class=\"elementor-widget-container\">\n\t\t\t\t\t<h2 class=\"elementor-heading-title elementor-size-default\"><b>Cookie Policy<\/b><\/h2>\t\t\t\t<\/div>\n\t\t\t\t<\/div>\n\t\t\t\t<div class=\"elementor-element elementor-element-cef0e6d elementor-widget__width-initial elementor-widget elementor-widget-text-editor\" data-id=\"cef0e6d\" data-element_type=\"widget\" data-widget_type=\"text-editor.default\">\n\t\t\t\t<div class=\"elementor-widget-container\">\n\t\t\t\t\t\t\t\t\t<ol><li><span style=\"font-weight: 400;\">Qu&rsquo;est-ce qu&rsquo;un cookie ?<\/span><\/li><\/ol><p><span style=\"font-weight: 400;\">Un cookie est un petit fichier texte qui est stock\u00e9 sur votre appareil lorsque vous visitez notre site. Il permet de reconna\u00eetre votre appareil lors de vos visites ult\u00e9rieures.<\/span><\/p><ol start=\"2\"><li><span style=\"font-weight: 400;\"> Types de cookies utilis\u00e9s<\/span><\/li><\/ol><p><span style=\"font-weight: 400;\">Nous utilisons les types de cookies suivants :<\/span><\/p><ul><li style=\"font-weight: 400;\" aria-level=\"1\"><span style=\"font-weight: 400;\">Cookies n\u00e9cessaires : Ces cookies sont indispensables au fonctionnement de notre site.<\/span><\/li><li style=\"font-weight: 400;\" aria-level=\"1\"><span style=\"font-weight: 400;\">Cookies de performance : Ils nous aident \u00e0 comprendre comment les visiteurs interagissent avec notre site en collectant des informations anonymes.<\/span><\/li><li style=\"font-weight: 400;\" aria-level=\"1\"><span style=\"font-weight: 400;\">Cookies de fonctionnalit\u00e9 : Ces cookies am\u00e9liorent l&rsquo;exp\u00e9rience utilisateur en m\u00e9morisant vos pr\u00e9f\u00e9rences.<\/span><\/li><\/ul><ol start=\"3\"><li><span style=\"font-weight: 400;\"> Gestion des cookies<\/span><\/li><\/ol><p><span style=\"font-weight: 400;\">Vous pouvez choisir d&rsquo;accepter ou de refuser les cookies. La plupart des navigateurs acceptent automatiquement les cookies, mais vous pouvez g\u00e9n\u00e9ralement modifier vos param\u00e8tres pour refuser les cookies si vous le souhaitez.<\/span><\/p><ol start=\"4\"><li><span style=\"font-weight: 400;\"> Modifications de la politique<\/span><\/li><\/ol><p><span style=\"font-weight: 400;\">Nous nous r\u00e9servons le droit de modifier cette politique de cookies \u00e0 tout moment. Les changements seront publi\u00e9s sur cette page.<\/span><\/p>\t\t\t\t\t\t\t\t<\/div>\n\t\t\t\t<\/div>\n\t\t\t\t<div class=\"elementor-element elementor-element-d6d09ab elementor-widget elementor-widget-button\" data-id=\"d6d09ab\" data-element_type=\"widget\" data-widget_type=\"button.default\">\n\t\t\t\t<div class=\"elementor-widget-container\">\n\t\t\t\t\t\t\t\t\t<div class=\"elementor-button-wrapper\">\n\t\t\t\t\t<a class=\"elementor-button elementor-size-sm\" role=\"button\">\n\t\t\t\t\t\t<span class=\"elementor-button-content-wrapper\">\n\t\t\t\t\t\t\t\t\t<span class=\"elementor-button-text\">Contact Us<\/span>\n\t\t\t\t\t<\/span>\n\t\t\t\t\t<\/a>\n\t\t\t\t<\/div>\n\t\t\t\t\t\t\t\t<\/div>\n\t\t\t\t<\/div>\n\t\t\t\t<\/div>\n\t\t\t\t\t<\/div>\n\t\t\t\t<\/div>\n\t\t<div data-particle_enable=\"false\" data-particle-mobile-disabled=\"false\" class=\"elementor-element elementor-element-3322a56 e-flex e-con-boxed wpr-particle-no wpr-jarallax-no wpr-parallax-no wpr-sticky-section-no e-con e-parent\" data-id=\"3322a56\" data-element_type=\"container\">\n\t\t\t\t\t<div class=\"e-con-inner\">\n\t\t\t\t\t<\/div>\n\t\t\t\t<\/div>\n\t\t\t\t<\/div>","protected":false},"excerpt":{"rendered":"<p>Politique de Cookies A PROPOS DE NOUS Politique de Cookies Qu&rsquo;est-ce qu&rsquo;un cookie ? Un cookie est un petit fichier texte qui est stock\u00e9 sur votre appareil lorsque vous visitez notre site. Il permet de reconna\u00eetre votre appareil lors de vos visites ult\u00e9rieures. Types de cookies utilis\u00e9s Nous utilisons les types de cookies suivants : Cookies n\u00e9cessaires : Ces cookies sont indispensables au fonctionnement de notre site. Cookies de performance : Ils nous aident \u00e0 comprendre comment les visiteurs interagissent avec notre site en collectant des informations anonymes. Cookies de fonctionnalit\u00e9 : Ces cookies am\u00e9liorent l&rsquo;exp\u00e9rience utilisateur en m\u00e9morisant vos pr\u00e9f\u00e9rences. Gestion des cookies Vous pouvez choisir d&rsquo;accepter ou de refuser les cookies. La plupart des navigateurs acceptent automatiquement les cookies, mais vous pouvez g\u00e9n\u00e9ralement modifier vos param\u00e8tres pour refuser les cookies si vous le souhaitez. Modifications de la politique Nous nous r\u00e9servons le droit de modifier cette politique de cookies \u00e0 tout moment. Les changements seront publi\u00e9s sur cette page. Contactez-nous<\/p>","protected":false},"author":2,"featured_media":0,"parent":0,"menu_order":0,"comment_status":"closed","ping_status":"closed","template":"elementor_header_footer","meta":{"footnotes":""},"class_list":["post-1675","page","type-page","status-publish","hentry"],"_links":{"self":[{"href":"https:\/\/ccelog.com\/en\/wp-json\/wp\/v2\/pages\/1675","targetHints":{"allow":["GET"]}}],"collection":[{"href":"https:\/\/ccelog.com\/en\/wp-json\/wp\/v2\/pages"}],"about":[{"href":"https:\/\/ccelog.com\/en\/wp-json\/wp\/v2\/types\/page"}],"author":[{"embeddable":true,"href":"https:\/\/ccelog.com\/en\/wp-json\/wp\/v2\/users\/2"}],"replies":[{"embeddable":true,"href":"https:\/\/ccelog.com\/en\/wp-json\/wp\/v2\/comments?post=1675"}],"version-history":[{"count":0,"href":"https:\/\/ccelog.com\/en\/wp-json\/wp\/v2\/pages\/1675\/revisions"}],"wp:attachment":[{"href":"https:\/\/ccelog.com\/en\/wp-json\/wp\/v2\/media?parent=1675"}],"curies":[{"name":"wp","href":"https:\/\/api.w.org\/{rel}","templated":true}]}}