{"id":1666,"date":"2024-09-11T08:23:48","date_gmt":"2024-09-11T08:23:48","guid":{"rendered":"https:\/\/ccelog.com\/?page_id=1666"},"modified":"2024-10-10T17:37:30","modified_gmt":"2024-10-10T17:37:30","slug":"politique-confidentialite","status":"publish","type":"page","link":"https:\/\/ccelog.com\/ar\/politique-confidentialite\/","title":{"rendered":"Politique de Confidentialit\u00e9"},"content":{"rendered":"<div data-elementor-type=\"wp-page\" data-elementor-id=\"1666\" class=\"elementor elementor-1666\" data-elementor-settings=\"{&quot;element_pack_global_tooltip_width&quot;:{&quot;unit&quot;:&quot;px&quot;,&quot;size&quot;:&quot;&quot;,&quot;sizes&quot;:[]},&quot;element_pack_global_tooltip_width_tablet&quot;:{&quot;unit&quot;:&quot;px&quot;,&quot;size&quot;:&quot;&quot;,&quot;sizes&quot;:[]},&quot;element_pack_global_tooltip_width_mobile&quot;:{&quot;unit&quot;:&quot;px&quot;,&quot;size&quot;:&quot;&quot;,&quot;sizes&quot;:[]},&quot;element_pack_global_tooltip_padding&quot;:{&quot;unit&quot;:&quot;px&quot;,&quot;top&quot;:&quot;&quot;,&quot;right&quot;:&quot;&quot;,&quot;bottom&quot;:&quot;&quot;,&quot;left&quot;:&quot;&quot;,&quot;isLinked&quot;:true},&quot;element_pack_global_tooltip_padding_tablet&quot;:{&quot;unit&quot;:&quot;px&quot;,&quot;top&quot;:&quot;&quot;,&quot;right&quot;:&quot;&quot;,&quot;bottom&quot;:&quot;&quot;,&quot;left&quot;:&quot;&quot;,&quot;isLinked&quot;:true},&quot;element_pack_global_tooltip_padding_mobile&quot;:{&quot;unit&quot;:&quot;px&quot;,&quot;top&quot;:&quot;&quot;,&quot;right&quot;:&quot;&quot;,&quot;bottom&quot;:&quot;&quot;,&quot;left&quot;:&quot;&quot;,&quot;isLinked&quot;:true},&quot;element_pack_global_tooltip_border_radius&quot;:{&quot;unit&quot;:&quot;px&quot;,&quot;top&quot;:&quot;&quot;,&quot;right&quot;:&quot;&quot;,&quot;bottom&quot;:&quot;&quot;,&quot;left&quot;:&quot;&quot;,&quot;isLinked&quot;:true},&quot;element_pack_global_tooltip_border_radius_tablet&quot;:{&quot;unit&quot;:&quot;px&quot;,&quot;top&quot;:&quot;&quot;,&quot;right&quot;:&quot;&quot;,&quot;bottom&quot;:&quot;&quot;,&quot;left&quot;:&quot;&quot;,&quot;isLinked&quot;:true},&quot;element_pack_global_tooltip_border_radius_mobile&quot;:{&quot;unit&quot;:&quot;px&quot;,&quot;top&quot;:&quot;&quot;,&quot;right&quot;:&quot;&quot;,&quot;bottom&quot;:&quot;&quot;,&quot;left&quot;:&quot;&quot;,&quot;isLinked&quot;:true}}\" data-elementor-post-type=\"page\">\n\t\t\t\t<div data-particle_enable=\"false\" data-particle-mobile-disabled=\"false\" class=\"elementor-element elementor-element-db04299 e-con-full e-flex wpr-particle-no wpr-jarallax-no wpr-parallax-no wpr-sticky-section-no e-con e-parent\" data-id=\"db04299\" data-element_type=\"container\" data-settings=\"{&quot;background_background&quot;:&quot;classic&quot;}\">\n\t\t\t\t<div class=\"elementor-element elementor-element-4ae7b96 elementor-widget elementor-widget-heading\" data-id=\"4ae7b96\" data-element_type=\"widget\" data-widget_type=\"heading.default\">\n\t\t\t\t<div class=\"elementor-widget-container\">\n\t\t\t\t\t<h2 class=\"elementor-heading-title elementor-size-default\"><b>Politique de Confidentialit\u00e9<\/b><\/h2>\t\t\t\t<\/div>\n\t\t\t\t<\/div>\n\t\t\t\t<\/div>\n\t\t<div data-particle_enable=\"false\" data-particle-mobile-disabled=\"false\" class=\"elementor-element elementor-element-749fe24 e-flex e-con-boxed wpr-particle-no wpr-jarallax-no wpr-parallax-no wpr-sticky-section-no elementor-invisible e-con e-parent\" data-id=\"749fe24\" data-element_type=\"container\" data-settings=\"{&quot;animation&quot;:&quot;fadeIn&quot;}\">\n\t\t\t\t\t<div class=\"e-con-inner\">\n\t\t<div data-particle_enable=\"false\" data-particle-mobile-disabled=\"false\" class=\"elementor-element elementor-element-021153c e-con-full e-flex wpr-particle-no wpr-jarallax-no wpr-parallax-no wpr-sticky-section-no e-con e-child\" data-id=\"021153c\" data-element_type=\"container\">\n\t\t\t\t<div class=\"elementor-element elementor-element-854e166 elementor-widget elementor-widget-heading\" data-id=\"854e166\" data-element_type=\"widget\" data-widget_type=\"heading.default\">\n\t\t\t\t<div class=\"elementor-widget-container\">\n\t\t\t\t\t<h6 class=\"elementor-heading-title elementor-size-default\">A PROPOS DE NOUS<\/h6>\t\t\t\t<\/div>\n\t\t\t\t<\/div>\n\t\t\t\t<div class=\"elementor-element elementor-element-8deaa68 elementor-widget elementor-widget-heading\" data-id=\"8deaa68\" data-element_type=\"widget\" data-widget_type=\"heading.default\">\n\t\t\t\t<div class=\"elementor-widget-container\">\n\t\t\t\t\t<h2 class=\"elementor-heading-title elementor-size-default\"><b>Politique De Confidentialit\u00e9<\/b><\/h2>\t\t\t\t<\/div>\n\t\t\t\t<\/div>\n\t\t\t\t<div class=\"elementor-element elementor-element-cef0e6d elementor-widget__width-initial elementor-widget elementor-widget-text-editor\" data-id=\"cef0e6d\" data-element_type=\"widget\" data-widget_type=\"text-editor.default\">\n\t\t\t\t<div class=\"elementor-widget-container\">\n\t\t\t\t\t\t\t\t\t<ol><li><span style=\"font-weight: 400;\"> Introduction<\/span><\/li><\/ol><p><span style=\"font-weight: 400;\">Chez CCELOG, nous respectons votre vie priv\u00e9e et nous nous engageons \u00e0 prot\u00e9ger vos donn\u00e9es personnelles. Cette politique de confidentialit\u00e9 explique comment nous collectons, utilisons et prot\u00e9geons vos informations lorsque vous utilisez notre site internet.<\/span><\/p><ol start=\"2\"><li><span style=\"font-weight: 400;\"> Informations collect\u00e9es<\/span><\/li><\/ol><p><span style=\"font-weight: 400;\">Nous collectons des informations lorsque vous vous inscrivez sur notre site, vous vous abonnez \u00e0 notre newsletter ou remplissez un formulaire. Les informations collect\u00e9es peuvent inclure votre nom, adresse e-mail, num\u00e9ro de t\u00e9l\u00e9phone, et informations professionnelles.<\/span><\/p><ol start=\"3\"><li><span style=\"font-weight: 400;\"> Utilisation des informations<\/span><\/li><\/ol><p><span style=\"font-weight: 400;\">Nous utilisons les informations que nous collectons pour :<\/span><\/p><ul><li style=\"font-weight: 400;\" aria-level=\"1\"><span style=\"font-weight: 400;\">Vous fournir des services et des informations relatifs \u00e0 nos formations.<\/span><\/li><li style=\"font-weight: 400;\" aria-level=\"1\"><span style=\"font-weight: 400;\">Am\u00e9liorer notre site et nos services.<\/span><\/li><li style=\"font-weight: 400;\" aria-level=\"1\"><span style=\"font-weight: 400;\">Vous envoyer des e-mails p\u00e9riodiques concernant nos offres et actualit\u00e9s.<\/span><\/li><\/ul><ol start=\"4\"><li><span style=\"font-weight: 400;\"> Protection des donn\u00e9es<\/span><\/li><\/ol><p><span style=\"font-weight: 400;\">Nous mettons en place des mesures de s\u00e9curit\u00e9 pour prot\u00e9ger vos informations personnelles. Cependant, aucune m\u00e9thode de transmission sur Internet ou m\u00e9thode de stockage \u00e9lectronique n&rsquo;est s\u00e9curis\u00e9e \u00e0 100 %.<\/span><\/p><ol start=\"5\"><li><span style=\"font-weight: 400;\"> Partage des informations<\/span><\/li><\/ol><p><span style=\"font-weight: 400;\">Nous ne vendons, n&rsquo;\u00e9changeons ni ne transf\u00e9rons vos informations personnelles \u00e0 des tiers sans votre consentement, sauf si la loi l&rsquo;exige.<\/span><\/p><ol start=\"6\"><li><span style=\"font-weight: 400;\"> Vos droits<\/span><\/li><\/ol><p><span style=\"font-weight: 400;\">Vous avez le droit d&rsquo;acc\u00e9der, de corriger ou de supprimer vos donn\u00e9es personnelles. Pour exercer ces droits, veuillez nous contacter \u00e0 l&rsquo;adresse: info@ccelog.com.<\/span><\/p><ol start=\"7\"><li><span style=\"font-weight: 400;\"> Modifications de la politique<\/span><\/li><\/ol><p><span style=\"font-weight: 400;\">Nous nous r\u00e9servons le droit de modifier cette politique de confidentialit\u00e9 \u00e0 tout moment. Les changements seront publi\u00e9s sur cette page.<\/span><\/p>\t\t\t\t\t\t\t\t<\/div>\n\t\t\t\t<\/div>\n\t\t\t\t<div class=\"elementor-element elementor-element-d6d09ab elementor-widget elementor-widget-button\" data-id=\"d6d09ab\" data-element_type=\"widget\" data-widget_type=\"button.default\">\n\t\t\t\t<div class=\"elementor-widget-container\">\n\t\t\t\t\t\t\t\t\t<div class=\"elementor-button-wrapper\">\n\t\t\t\t\t<a class=\"elementor-button elementor-size-sm\" role=\"button\">\n\t\t\t\t\t\t<span class=\"elementor-button-content-wrapper\">\n\t\t\t\t\t\t\t\t\t<span class=\"elementor-button-text\">\u0627\u062a\u0635\u0644 \u0628\u0646\u0627<\/span>\n\t\t\t\t\t<\/span>\n\t\t\t\t\t<\/a>\n\t\t\t\t<\/div>\n\t\t\t\t\t\t\t\t<\/div>\n\t\t\t\t<\/div>\n\t\t\t\t<\/div>\n\t\t\t\t\t<\/div>\n\t\t\t\t<\/div>\n\t\t<div data-particle_enable=\"false\" data-particle-mobile-disabled=\"false\" class=\"elementor-element elementor-element-3322a56 e-flex e-con-boxed wpr-particle-no wpr-jarallax-no wpr-parallax-no wpr-sticky-section-no e-con e-parent\" data-id=\"3322a56\" data-element_type=\"container\">\n\t\t\t\t\t<div class=\"e-con-inner\">\n\t\t\t\t\t<\/div>\n\t\t\t\t<\/div>\n\t\t\t\t<\/div>","protected":false},"excerpt":{"rendered":"<p>Politique de Confidentialit\u00e9 A PROPOS DE NOUS Politique De Confidentialit\u00e9 Introduction Chez CCELOG, nous respectons votre vie priv\u00e9e et nous nous engageons \u00e0 prot\u00e9ger vos donn\u00e9es personnelles. Cette politique de confidentialit\u00e9 explique comment nous collectons, utilisons et prot\u00e9geons vos informations lorsque vous utilisez notre site internet. Informations collect\u00e9es Nous collectons des informations lorsque vous vous inscrivez sur notre site, vous vous abonnez \u00e0 notre newsletter ou remplissez un formulaire. Les informations collect\u00e9es peuvent inclure votre nom, adresse e-mail, num\u00e9ro de t\u00e9l\u00e9phone, et informations professionnelles. Utilisation des informations Nous utilisons les informations que nous collectons pour : Vous fournir des services et des informations relatifs \u00e0 nos formations. Am\u00e9liorer notre site et nos services. Vous envoyer des e-mails p\u00e9riodiques concernant nos offres et actualit\u00e9s. Protection des donn\u00e9es Nous mettons en place des mesures de s\u00e9curit\u00e9 pour prot\u00e9ger vos informations personnelles. Cependant, aucune m\u00e9thode de transmission sur Internet ou m\u00e9thode de stockage \u00e9lectronique n&rsquo;est s\u00e9curis\u00e9e \u00e0 100 %. Partage des informations Nous ne vendons, n&rsquo;\u00e9changeons ni ne transf\u00e9rons vos informations personnelles \u00e0 des tiers sans votre consentement, sauf si la loi l&rsquo;exige. Vos droits Vous avez le droit d&rsquo;acc\u00e9der, de corriger ou de supprimer vos donn\u00e9es personnelles. Pour exercer ces droits, veuillez nous contacter \u00e0 l&rsquo;adresse: info@ccelog.com. Modifications de la politique Nous nous r\u00e9servons le droit de modifier cette politique de confidentialit\u00e9 \u00e0 tout moment. Les changements seront publi\u00e9s sur cette page. Contactez-nous<\/p>","protected":false},"author":2,"featured_media":0,"parent":0,"menu_order":0,"comment_status":"closed","ping_status":"closed","template":"elementor_header_footer","meta":{"footnotes":""},"class_list":["post-1666","page","type-page","status-publish","hentry"],"_links":{"self":[{"href":"https:\/\/ccelog.com\/ar\/wp-json\/wp\/v2\/pages\/1666","targetHints":{"allow":["GET"]}}],"collection":[{"href":"https:\/\/ccelog.com\/ar\/wp-json\/wp\/v2\/pages"}],"about":[{"href":"https:\/\/ccelog.com\/ar\/wp-json\/wp\/v2\/types\/page"}],"author":[{"embeddable":true,"href":"https:\/\/ccelog.com\/ar\/wp-json\/wp\/v2\/users\/2"}],"replies":[{"embeddable":true,"href":"https:\/\/ccelog.com\/ar\/wp-json\/wp\/v2\/comments?post=1666"}],"version-history":[{"count":0,"href":"https:\/\/ccelog.com\/ar\/wp-json\/wp\/v2\/pages\/1666\/revisions"}],"wp:attachment":[{"href":"https:\/\/ccelog.com\/ar\/wp-json\/wp\/v2\/media?parent=1666"}],"curies":[{"name":"wp","href":"https:\/\/api.w.org\/{rel}","templated":true}]}}