{"id":1113,"date":"2024-08-15T10:28:09","date_gmt":"2024-08-15T10:28:09","guid":{"rendered":"https:\/\/ccelog.com\/?page_id=1113"},"modified":"2024-10-13T00:11:45","modified_gmt":"2024-10-13T00:11:45","slug":"atelier-reveil-musculaire","status":"publish","type":"page","link":"https:\/\/ccelog.com\/ar\/atelier-reveil-musculaire\/","title":{"rendered":"\u0648\u0631\u0634\u0629 \u0627\u0644\u0627\u062d\u0645\u0627\u0621 \u0627\u0644\u0639\u0636\u0644\u064a"},"content":{"rendered":"<div data-elementor-type=\"wp-page\" data-elementor-id=\"1113\" class=\"elementor elementor-1113\" data-elementor-settings=\"{&quot;element_pack_global_tooltip_width&quot;:{&quot;unit&quot;:&quot;px&quot;,&quot;size&quot;:&quot;&quot;,&quot;sizes&quot;:[]},&quot;element_pack_global_tooltip_width_tablet&quot;:{&quot;unit&quot;:&quot;px&quot;,&quot;size&quot;:&quot;&quot;,&quot;sizes&quot;:[]},&quot;element_pack_global_tooltip_width_mobile&quot;:{&quot;unit&quot;:&quot;px&quot;,&quot;size&quot;:&quot;&quot;,&quot;sizes&quot;:[]},&quot;element_pack_global_tooltip_padding&quot;:{&quot;unit&quot;:&quot;px&quot;,&quot;top&quot;:&quot;&quot;,&quot;right&quot;:&quot;&quot;,&quot;bottom&quot;:&quot;&quot;,&quot;left&quot;:&quot;&quot;,&quot;isLinked&quot;:true},&quot;element_pack_global_tooltip_padding_tablet&quot;:{&quot;unit&quot;:&quot;px&quot;,&quot;top&quot;:&quot;&quot;,&quot;right&quot;:&quot;&quot;,&quot;bottom&quot;:&quot;&quot;,&quot;left&quot;:&quot;&quot;,&quot;isLinked&quot;:true},&quot;element_pack_global_tooltip_padding_mobile&quot;:{&quot;unit&quot;:&quot;px&quot;,&quot;top&quot;:&quot;&quot;,&quot;right&quot;:&quot;&quot;,&quot;bottom&quot;:&quot;&quot;,&quot;left&quot;:&quot;&quot;,&quot;isLinked&quot;:true},&quot;element_pack_global_tooltip_border_radius&quot;:{&quot;unit&quot;:&quot;px&quot;,&quot;top&quot;:&quot;&quot;,&quot;right&quot;:&quot;&quot;,&quot;bottom&quot;:&quot;&quot;,&quot;left&quot;:&quot;&quot;,&quot;isLinked&quot;:true},&quot;element_pack_global_tooltip_border_radius_tablet&quot;:{&quot;unit&quot;:&quot;px&quot;,&quot;top&quot;:&quot;&quot;,&quot;right&quot;:&quot;&quot;,&quot;bottom&quot;:&quot;&quot;,&quot;left&quot;:&quot;&quot;,&quot;isLinked&quot;:true},&quot;element_pack_global_tooltip_border_radius_mobile&quot;:{&quot;unit&quot;:&quot;px&quot;,&quot;top&quot;:&quot;&quot;,&quot;right&quot;:&quot;&quot;,&quot;bottom&quot;:&quot;&quot;,&quot;left&quot;:&quot;&quot;,&quot;isLinked&quot;:true}}\" data-elementor-post-type=\"page\">\n\t\t\t\t\t\t<section data-particle_enable=\"false\" data-particle-mobile-disabled=\"false\" class=\"elementor-section elementor-top-section elementor-element elementor-element-d4c7b58 elementor-reverse-mobile elementor-section-boxed elementor-section-height-default elementor-section-height-default wpr-particle-no wpr-jarallax-no wpr-parallax-no wpr-sticky-section-no\" data-id=\"d4c7b58\" data-element_type=\"section\" data-settings=\"{&quot;background_background&quot;:&quot;classic&quot;}\">\n\t\t\t\t\t\t\t<div class=\"elementor-background-overlay\"><\/div>\n\t\t\t\t\t\t\t<div class=\"elementor-container elementor-column-gap-no\">\n\t\t\t\t\t<div class=\"elementor-column elementor-col-100 elementor-top-column elementor-element elementor-element-7c2cf22\" data-id=\"7c2cf22\" data-element_type=\"column\">\n\t\t\t<div class=\"elementor-widget-wrap elementor-element-populated\">\n\t\t\t\t\t\t<div class=\"elementor-element elementor-element-19154d6 elementor-widget elementor-widget-heading\" data-id=\"19154d6\" data-element_type=\"widget\" data-widget_type=\"heading.default\">\n\t\t\t\t<div class=\"elementor-widget-container\">\n\t\t\t\t\t<h2 class=\"elementor-heading-title elementor-size-default\">\u0648\u0631\u0634\u0629 \u0627\u0644\u0627\u062d\u0645\u0627\u0621 \u0627\u0644\u0639\u0636\u0644\u064a<\/h2>\t\t\t\t<\/div>\n\t\t\t\t<\/div>\n\t\t\t\t<div class=\"elementor-element elementor-element-d7f57b6 elementor-tablet-align-left elementor-align-center elementor-mobile-align-center elementor-widget elementor-widget-button\" data-id=\"d7f57b6\" data-element_type=\"widget\" data-widget_type=\"button.default\">\n\t\t\t\t<div class=\"elementor-widget-container\">\n\t\t\t\t\t\t\t\t\t<div class=\"elementor-button-wrapper\">\n\t\t\t\t\t<a class=\"elementor-button elementor-button-link elementor-size-md elementor-animation-shrink\" href=\"https:\/\/ccelog.com\/ar\/devis\/\">\n\t\t\t\t\t\t<span class=\"elementor-button-content-wrapper\">\n\t\t\t\t\t\t\t\t\t<span class=\"elementor-button-text\">\u0627\u062d\u0635\u0644 \u0639\u0644\u0649 \u0639\u0631\u0636 \u0623\u0633\u0639\u0627\u0631<\/span>\n\t\t\t\t\t<\/span>\n\t\t\t\t\t<\/a>\n\t\t\t\t<\/div>\n\t\t\t\t\t\t\t\t<\/div>\n\t\t\t\t<\/div>\n\t\t\t\t\t<\/div>\n\t\t<\/div>\n\t\t\t\t\t<\/div>\n\t\t<\/section>\n\t\t\t\t<section data-particle_enable=\"false\" data-particle-mobile-disabled=\"false\" class=\"elementor-section elementor-top-section elementor-element elementor-element-8887247 elementor-section-content-middle elementor-section-stretched elementor-section-boxed elementor-section-height-default elementor-section-height-default wpr-particle-no wpr-jarallax-no wpr-parallax-no wpr-sticky-section-no\" data-id=\"8887247\" data-element_type=\"section\" data-settings=\"{&quot;background_background&quot;:&quot;classic&quot;,&quot;stretch_section&quot;:&quot;section-stretched&quot;}\">\n\t\t\t\t\t\t\t<div class=\"elementor-background-overlay\"><\/div>\n\t\t\t\t\t\t\t<div class=\"elementor-container elementor-column-gap-no\">\n\t\t\t\t\t<div class=\"elementor-column elementor-col-50 elementor-top-column elementor-element elementor-element-62d267a\" data-id=\"62d267a\" data-element_type=\"column\">\n\t\t\t<div class=\"elementor-widget-wrap elementor-element-populated\">\n\t\t\t\t\t\t<div class=\"elementor-element elementor-element-50800f7 eael-divider-center elementor-widget elementor-widget-eael-divider\" data-id=\"50800f7\" data-element_type=\"widget\" data-widget_type=\"eael-divider.default\">\n\t\t\t\t<div class=\"elementor-widget-container\">\n\t\t\t\t\t\t\t<div class=\"eael-divider-wrap divider-direction-horizontal\">\n\t\t\t\t\t\t\t<div class=\"divider-text-container\">\n\t\t\t\t\t<div class=\"divider-text-wrap\">\n\t\t\t\t\t\t\t\t\t\t\t\t<span class=\"eael-divider-content\">\n\t\t\t\t\t\t\t<span class=\"eael-divider-text\">\u0623\u064a\u0627\u0645 \u0627\u0644\u0633\u0644\u0627\u0645\u0629<\/span>\t\t\t\t\t\t<\/span>\n\t\t\t\t\t\t\t\t\t\t\t\t\t<span class=\"divider-border-wrap divider-border-right\">\n\t\t\t\t\t\t\t\t<span class=\"divider-border\"><\/span>\n\t\t\t\t\t\t\t<\/span>\n\t\t\t\t\t\t\t\t\t\t\t<\/div>\n\t\t\t\t<\/div>\n\t\t\t\t\t<\/div>\n\t\t\t\t<\/div>\n\t\t\t\t<\/div>\n\t\t\t\t<div class=\"elementor-element elementor-element-91b1b74 elementor-widget elementor-widget-heading\" data-id=\"91b1b74\" data-element_type=\"widget\" data-widget_type=\"heading.default\">\n\t\t\t\t<div class=\"elementor-widget-container\">\n\t\t\t\t\t<h2 class=\"elementor-heading-title elementor-size-default\">\u0648\u0631\u0634\u0629 \u0627\u0644\u0627\u062d\u0645\u0627\u0621 \u0627\u0644\u0639\u0636\u0644\u064a<\/h2>\t\t\t\t<\/div>\n\t\t\t\t<\/div>\n\t\t\t\t<div class=\"elementor-element elementor-element-56c2b04 elementor-widget__width-initial elementor-widget-mobile__width-inherit elementor-widget elementor-widget-text-editor\" data-id=\"56c2b04\" data-element_type=\"widget\" data-widget_type=\"text-editor.default\">\n\t\t\t\t<div class=\"elementor-widget-container\">\n\t\t\t\t\t\t\t\t\t<p><span style=\"font-weight: 400;\">\u062a\u0645 \u062a\u0635\u0645\u064a\u0645 \u0648\u0631\u0634\u0629 \u0639\u0645\u0644 \u0635\u062d\u0648\u0629 \u0627\u0644\u0639\u0636\u0644\u0627\u062a \u0644\u0645\u0633\u0627\u0639\u062f\u0629 \u0627\u0644\u0645\u0647\u0646\u064a\u064a\u0646 \u0639\u0644\u0649 \u062a\u0642\u0644\u064a\u0644 \u0627\u0644\u062a\u0648\u062a\u0631 \u0648\u062a\u062d\u0633\u064a\u0646 \u0635\u062d\u062a\u0647\u0645 \u0641\u064a \u0627\u0644\u0639\u0645\u0644. \u0645\u0646 \u062e\u0644\u0627\u0644 \u062a\u0645\u0627\u0631\u064a\u0646 \u0627\u0644\u062a\u0645\u062f\u062f \u0648\u0627\u0644\u062a\u0642\u0648\u064a\u0629\u060c \u062a\u0639\u0645\u0644 \u0647\u0630\u0647 \u0627\u0644\u0648\u0631\u0634\u0629 \u0639\u0644\u0649 \u0625\u0639\u062f\u0627\u062f \u0627\u0644\u062c\u0633\u0645 \u0644\u0644\u064a\u0648\u0645 \u0645\u0639 \u062a\u0639\u0632\u064a\u0632 \u0627\u0633\u062a\u0631\u062e\u0627\u0621 \u0627\u0644\u0639\u0636\u0644\u0627\u062a. \u0633\u0648\u0641 \u064a\u062a\u0639\u0644\u0645 \u0627\u0644\u0645\u0634\u0627\u0631\u0643\u0648\u0646 \u062a\u0642\u0646\u064a\u0627\u062a \u0628\u0633\u064a\u0637\u0629 \u0644\u0625\u062f\u0627\u0631\u0629 \u0627\u0644\u0625\u062c\u0647\u0627\u062f \u0627\u0644\u0628\u062f\u0646\u064a \u0648\u0645\u0646\u0639 \u0627\u0644\u0625\u0635\u0627\u0628\u0627\u062a \u0627\u0644\u0645\u0631\u062a\u0628\u0637\u0629 \u0628\u0627\u0644\u0633\u0644\u0648\u0643 \u0627\u0644\u0645\u0633\u062a\u0642\u0631. <\/span><\/p>\t\t\t\t\t\t\t\t<\/div>\n\t\t\t\t<\/div>\n\t\t\t\t\t<\/div>\n\t\t<\/div>\n\t\t\t\t<div class=\"elementor-column elementor-col-50 elementor-top-column elementor-element elementor-element-dfda898\" data-id=\"dfda898\" data-element_type=\"column\">\n\t\t\t<div class=\"elementor-widget-wrap elementor-element-populated\">\n\t\t\t\t\t\t<div class=\"elementor-element elementor-element-2386e3c elementor-widget__width-inherit elementor-widget-mobile__width-inherit elementor-widget-tablet__width-initial animated-slow elementor-invisible elementor-widget elementor-widget-image\" data-id=\"2386e3c\" data-element_type=\"widget\" data-settings=\"{&quot;_animation&quot;:&quot;fadeIn&quot;,&quot;_animation_delay&quot;:1200}\" data-widget_type=\"image.default\">\n\t\t\t\t<div class=\"elementor-widget-container\">\n\t\t\t\t\t\t\t\t\t\t\t\t\t\t\t<img fetchpriority=\"high\" decoding=\"async\" width=\"2560\" height=\"1703\" src=\"https:\/\/ccelog.com\/wp-content\/uploads\/2024\/10\/man-safety-equipment-working-1-scaled.jpg\" class=\"attachment-full size-full wp-image-3924\" alt=\"\" srcset=\"https:\/\/ccelog.com\/wp-content\/uploads\/2024\/10\/man-safety-equipment-working-1-scaled.jpg 2560w, https:\/\/ccelog.com\/wp-content\/uploads\/2024\/10\/man-safety-equipment-working-1-1536x1022.jpg 1536w, https:\/\/ccelog.com\/wp-content\/uploads\/2024\/10\/man-safety-equipment-working-1-2048x1363.jpg 2048w, https:\/\/ccelog.com\/wp-content\/uploads\/2024\/10\/man-safety-equipment-working-1-18x12.jpg 18w\" sizes=\"(max-width: 2560px) 100vw, 2560px\" \/>\t\t\t\t\t\t\t\t\t\t\t\t\t\t\t<\/div>\n\t\t\t\t<\/div>\n\t\t\t\t\t<\/div>\n\t\t<\/div>\n\t\t\t\t\t<\/div>\n\t\t<\/section>\n\t\t\t\t<section data-particle_enable=\"false\" data-particle-mobile-disabled=\"false\" class=\"elementor-section elementor-top-section elementor-element elementor-element-2ad0c08 elementor-section-content-middle elementor-section-stretched elementor-section-boxed elementor-section-height-default elementor-section-height-default wpr-particle-no wpr-jarallax-no wpr-parallax-no wpr-sticky-section-no\" data-id=\"2ad0c08\" data-element_type=\"section\" data-settings=\"{&quot;background_background&quot;:&quot;classic&quot;,&quot;stretch_section&quot;:&quot;section-stretched&quot;}\">\n\t\t\t\t\t\t\t<div class=\"elementor-background-overlay\"><\/div>\n\t\t\t\t\t\t\t<div class=\"elementor-container elementor-column-gap-no\">\n\t\t\t\t\t<div class=\"elementor-column elementor-col-100 elementor-top-column elementor-element elementor-element-ed9e524\" data-id=\"ed9e524\" data-element_type=\"column\">\n\t\t\t<div class=\"elementor-widget-wrap elementor-element-populated\">\n\t\t\t\t\t\t<div class=\"elementor-element elementor-element-ea0a8cc elementor-widget__width-inherit elementor-widget elementor-widget-text-editor\" data-id=\"ea0a8cc\" data-element_type=\"widget\" data-widget_type=\"text-editor.default\">\n\t\t\t\t<div class=\"elementor-widget-container\">\n\t\t\t\t\t\t\t\t\t\u0627\u0644\u0641\u0648\u0627\u0626\u062f \u0627\u0644\u0631\u0626\u064a\u0633\u064a\u0629 :\t\t\t\t\t\t\t\t<\/div>\n\t\t\t\t<\/div>\n\t\t\t\t<section data-particle_enable=\"false\" data-particle-mobile-disabled=\"false\" class=\"elementor-section elementor-inner-section elementor-element elementor-element-48e3883 elementor-section-full_width elementor-section-height-default elementor-section-height-default wpr-particle-no wpr-jarallax-no wpr-parallax-no wpr-sticky-section-no\" data-id=\"48e3883\" data-element_type=\"section\">\n\t\t\t\t\t\t<div class=\"elementor-container elementor-column-gap-default\">\n\t\t\t\t\t<div class=\"elementor-column elementor-col-33 elementor-inner-column elementor-element elementor-element-d5b9c4a\" data-id=\"d5b9c4a\" data-element_type=\"column\">\n\t\t\t<div class=\"elementor-widget-wrap elementor-element-populated\">\n\t\t\t\t\t\t<div class=\"elementor-element elementor-element-cbfc7c7 elementor-align-justify elementor-tablet-align-left elementor-mobile-align-justify elementor-widget-mobile__width-inherit elementor-widget elementor-widget-button\" data-id=\"cbfc7c7\" data-element_type=\"widget\" data-widget_type=\"button.default\">\n\t\t\t\t<div class=\"elementor-widget-container\">\n\t\t\t\t\t\t\t\t\t<div class=\"elementor-button-wrapper\">\n\t\t\t\t\t<a class=\"elementor-button elementor-size-md elementor-animation-shrink\" role=\"button\">\n\t\t\t\t\t\t<span class=\"elementor-button-content-wrapper\">\n\t\t\t\t\t\t\t\t\t<span class=\"elementor-button-text\">\u062a\u062d\u0633\u064a\u0646 \u0627\u0644\u062a\u0631\u0643\u064a\u0632.<\/span>\n\t\t\t\t\t<\/span>\n\t\t\t\t\t<\/a>\n\t\t\t\t<\/div>\n\t\t\t\t\t\t\t\t<\/div>\n\t\t\t\t<\/div>\n\t\t\t\t\t<\/div>\n\t\t<\/div>\n\t\t\t\t<div class=\"elementor-column elementor-col-33 elementor-inner-column elementor-element elementor-element-b11ee86\" data-id=\"b11ee86\" data-element_type=\"column\">\n\t\t\t<div class=\"elementor-widget-wrap elementor-element-populated\">\n\t\t\t\t\t\t<div class=\"elementor-element elementor-element-1668656 elementor-align-justify elementor-tablet-align-left elementor-mobile-align-justify elementor-widget-mobile__width-inherit elementor-widget elementor-widget-button\" data-id=\"1668656\" data-element_type=\"widget\" data-widget_type=\"button.default\">\n\t\t\t\t<div class=\"elementor-widget-container\">\n\t\t\t\t\t\t\t\t\t<div class=\"elementor-button-wrapper\">\n\t\t\t\t\t<a class=\"elementor-button elementor-size-md elementor-animation-shrink\" role=\"button\">\n\t\t\t\t\t\t<span class=\"elementor-button-content-wrapper\">\n\t\t\t\t\t\t\t\t\t<span class=\"elementor-button-text\">\u0627\u0644\u062d\u062f \u0645\u0646 \u0627\u0644\u062d\u0648\u0627\u062f\u062b \u0648\u0627\u0644\u0625\u0635\u0627\u0628\u0627\u062a.<\/span>\n\t\t\t\t\t<\/span>\n\t\t\t\t\t<\/a>\n\t\t\t\t<\/div>\n\t\t\t\t\t\t\t\t<\/div>\n\t\t\t\t<\/div>\n\t\t\t\t\t<\/div>\n\t\t<\/div>\n\t\t\t\t<div class=\"elementor-column elementor-col-33 elementor-inner-column elementor-element elementor-element-fd203df\" data-id=\"fd203df\" data-element_type=\"column\">\n\t\t\t<div class=\"elementor-widget-wrap elementor-element-populated\">\n\t\t\t\t\t\t<div class=\"elementor-element elementor-element-6a5c068 elementor-align-justify elementor-tablet-align-left elementor-mobile-align-justify elementor-widget-mobile__width-inherit elementor-widget elementor-widget-button\" data-id=\"6a5c068\" data-element_type=\"widget\" data-widget_type=\"button.default\">\n\t\t\t\t<div class=\"elementor-widget-container\">\n\t\t\t\t\t\t\t\t\t<div class=\"elementor-button-wrapper\">\n\t\t\t\t\t<a class=\"elementor-button elementor-size-md elementor-animation-shrink\" role=\"button\">\n\t\t\t\t\t\t<span class=\"elementor-button-content-wrapper\">\n\t\t\t\t\t\t\t\t\t<span class=\"elementor-button-text\">Enhancing work efficiency.<\/span>\n\t\t\t\t\t<\/span>\n\t\t\t\t\t<\/a>\n\t\t\t\t<\/div>\n\t\t\t\t\t\t\t\t<\/div>\n\t\t\t\t<\/div>\n\t\t\t\t\t<\/div>\n\t\t<\/div>\n\t\t\t\t\t<\/div>\n\t\t<\/section>\n\t\t\t\t\t<\/div>\n\t\t<\/div>\n\t\t\t\t\t<\/div>\n\t\t<\/section>\n\t\t\t\t<section data-particle_enable=\"false\" data-particle-mobile-disabled=\"false\" class=\"elementor-section elementor-top-section elementor-element elementor-element-46b3a58 elementor-section-content-middle elementor-reverse-mobile elementor-section-boxed elementor-section-height-default elementor-section-height-default wpr-particle-no wpr-jarallax-no wpr-parallax-no wpr-sticky-section-no\" data-id=\"46b3a58\" data-element_type=\"section\" data-settings=\"{&quot;background_background&quot;:&quot;gradient&quot;}\">\n\t\t\t\t\t\t\t<div class=\"elementor-background-overlay\"><\/div>\n\t\t\t\t\t\t\t<div class=\"elementor-container elementor-column-gap-no\">\n\t\t\t\t\t<div class=\"elementor-column elementor-col-50 elementor-top-column elementor-element elementor-element-123f2fd\" data-id=\"123f2fd\" data-element_type=\"column\">\n\t\t\t<div class=\"elementor-widget-wrap elementor-element-populated\">\n\t\t\t\t\t\t<div class=\"elementor-element elementor-element-c166292 eael-divider-center elementor-widget elementor-widget-eael-divider\" data-id=\"c166292\" data-element_type=\"widget\" data-widget_type=\"eael-divider.default\">\n\t\t\t\t<div class=\"elementor-widget-container\">\n\t\t\t\t\t\t\t<div class=\"eael-divider-wrap divider-direction-horizontal\">\n\t\t\t\t\t\t\t<div class=\"divider-text-container\">\n\t\t\t\t\t<div class=\"divider-text-wrap\">\n\t\t\t\t\t\t\t\t\t\t\t\t<span class=\"eael-divider-content\">\n\t\t\t\t\t\t\t<span class=\"eael-divider-text\">\u0623\u064a\u0627\u0645 \u0627\u0644\u0633\u0644\u0627\u0645\u0629<\/span>\t\t\t\t\t\t<\/span>\n\t\t\t\t\t\t\t\t\t\t\t\t\t<span class=\"divider-border-wrap divider-border-right\">\n\t\t\t\t\t\t\t\t<span class=\"divider-border\"><\/span>\n\t\t\t\t\t\t\t<\/span>\n\t\t\t\t\t\t\t\t\t\t\t<\/div>\n\t\t\t\t<\/div>\n\t\t\t\t\t<\/div>\n\t\t\t\t<\/div>\n\t\t\t\t<\/div>\n\t\t\t\t<div class=\"elementor-element elementor-element-f510f24 elementor-widget elementor-widget-heading\" data-id=\"f510f24\" data-element_type=\"widget\" data-widget_type=\"heading.default\">\n\t\t\t\t<div class=\"elementor-widget-container\">\n\t\t\t\t\t<h2 class=\"elementor-heading-title elementor-size-default\">\u0648\u0631\u0634\u0629 \u0627\u0644\u0627\u062d\u0645\u0627\u0621 \u0627\u0644\u0639\u0636\u0644\u064a<\/h2>\t\t\t\t<\/div>\n\t\t\t\t<\/div>\n\t\t\t\t<div class=\"elementor-element elementor-element-859b536 elementor-widget__width-initial elementor-widget-mobile__width-inherit elementor-widget elementor-widget-text-editor\" data-id=\"859b536\" data-element_type=\"widget\" data-widget_type=\"text-editor.default\">\n\t\t\t\t<div class=\"elementor-widget-container\">\n\t\t\t\t\t\t\t\t\t<p><span style=\"font-weight: 400;\">\u062a\u0633\u0627\u0639\u062f \u0647\u0630\u0647 \u0627\u0644\u0645\u0645\u0627\u0631\u0633\u0627\u062a \u0627\u0644\u064a\u0648\u0645\u064a\u0629 \u0639\u0644\u0649 \u062a\u0642\u0648\u064a\u0629 \u0648\u0636\u0639\u064a\u0629 \u0627\u0644\u062c\u0633\u0645 \u0648\u062a\u062d\u0633\u064a\u0646 \u0627\u0644\u0637\u0627\u0642\u0629\u060c \u0645\u0645\u0627 \u064a\u0633\u0627\u0647\u0645 \u0641\u064a \u062e\u0644\u0642 \u0628\u064a\u0626\u0629 \u0639\u0645\u0644 \u0623\u0643\u062b\u0631 \u0635\u062d\u0629 \u0648\u0625\u0646\u062a\u0627\u062c\u064a\u0629.<\/span><\/p>\t\t\t\t\t\t\t\t<\/div>\n\t\t\t\t<\/div>\n\t\t\t\t\t<\/div>\n\t\t<\/div>\n\t\t\t\t<div class=\"elementor-column elementor-col-50 elementor-top-column elementor-element elementor-element-0f9e2ef\" data-id=\"0f9e2ef\" data-element_type=\"column\">\n\t\t\t<div class=\"elementor-widget-wrap elementor-element-populated\">\n\t\t\t\t\t\t<div class=\"elementor-element elementor-element-42cd754 elementor-widget-tablet__width-initial elementor-widget__width-initial elementor-widget-mobile__width-inherit animated-slow elementor-invisible elementor-widget elementor-widget-image\" data-id=\"42cd754\" data-element_type=\"widget\" data-settings=\"{&quot;_animation&quot;:&quot;fadeIn&quot;,&quot;_animation_delay&quot;:1200}\" data-widget_type=\"image.default\">\n\t\t\t\t<div class=\"elementor-widget-container\">\n\t\t\t\t\t\t\t\t\t\t\t\t\t\t\t<img decoding=\"async\" width=\"1024\" height=\"678\" src=\"https:\/\/ccelog.com\/wp-content\/uploads\/2024\/09\/guguguj-1024x678.png\" class=\"attachment-large size-large wp-image-1984\" alt=\"\" srcset=\"https:\/\/ccelog.com\/wp-content\/uploads\/2024\/09\/guguguj-1024x678.png 1024w, https:\/\/ccelog.com\/wp-content\/uploads\/2024\/09\/guguguj-300x199.png 300w, https:\/\/ccelog.com\/wp-content\/uploads\/2024\/09\/guguguj-768x509.png 768w, https:\/\/ccelog.com\/wp-content\/uploads\/2024\/09\/guguguj-1536x1017.png 1536w, https:\/\/ccelog.com\/wp-content\/uploads\/2024\/09\/guguguj-18x12.png 18w, https:\/\/ccelog.com\/wp-content\/uploads\/2024\/09\/guguguj.png 1614w\" sizes=\"(max-width: 1024px) 100vw, 1024px\" \/>\t\t\t\t\t\t\t\t\t\t\t\t\t\t\t<\/div>\n\t\t\t\t<\/div>\n\t\t\t\t\t<\/div>\n\t\t<\/div>\n\t\t\t\t\t<\/div>\n\t\t<\/section>\n\t\t\t\t<\/div>","protected":false},"excerpt":{"rendered":"<p>Atelier R\u00e9veil Musculaire Obtenir un devis Safety Day Atelier R\u00e9veil Musculaire L&rsquo;Atelier R\u00e9veil Musculaire est con\u00e7u pour aider les professionnels \u00e0 r\u00e9duire les tensions et \u00e0 am\u00e9liorer leur bien-\u00eatre au travail. \u00c0 travers des exercices d&rsquo;\u00e9tirement et de renforcement, cet atelier pr\u00e9pare le corps \u00e0 la journ\u00e9e tout en favorisant la d\u00e9tente musculaire. Les participants apprendront des techniques simples pour g\u00e9rer le stress physique et pr\u00e9venir les blessures li\u00e9es \u00e0 la s\u00e9dentarit\u00e9. Avantages cl\u00e9s : Am\u00e9lioration de la concentration. R\u00e9duction des accidents et blessures. enforcement de l&rsquo;efficacit\u00e9 au travail. Safety Day Atelier R\u00e9veil Musculaire Ces pratiques quotidiennes permettent de renforcer la posture et d\u2019optimiser l&rsquo;\u00e9nergie, contribuant ainsi \u00e0 un environnement de travail plus sain et productif.<\/p>","protected":false},"author":2,"featured_media":0,"parent":0,"menu_order":0,"comment_status":"closed","ping_status":"closed","template":"elementor_header_footer","meta":{"footnotes":""},"class_list":["post-1113","page","type-page","status-publish","hentry"],"_links":{"self":[{"href":"https:\/\/ccelog.com\/ar\/wp-json\/wp\/v2\/pages\/1113","targetHints":{"allow":["GET"]}}],"collection":[{"href":"https:\/\/ccelog.com\/ar\/wp-json\/wp\/v2\/pages"}],"about":[{"href":"https:\/\/ccelog.com\/ar\/wp-json\/wp\/v2\/types\/page"}],"author":[{"embeddable":true,"href":"https:\/\/ccelog.com\/ar\/wp-json\/wp\/v2\/users\/2"}],"replies":[{"embeddable":true,"href":"https:\/\/ccelog.com\/ar\/wp-json\/wp\/v2\/comments?post=1113"}],"version-history":[{"count":0,"href":"https:\/\/ccelog.com\/ar\/wp-json\/wp\/v2\/pages\/1113\/revisions"}],"wp:attachment":[{"href":"https:\/\/ccelog.com\/ar\/wp-json\/wp\/v2\/media?parent=1113"}],"curies":[{"name":"wp","href":"https:\/\/api.w.org\/{rel}","templated":true}]}}